{"id":18173,"date":"2015-07-20T13:44:35","date_gmt":"2015-07-20T11:44:35","guid":{"rendered":"https:\/\/dev.kastens-luisenhof.de\/startseite"},"modified":"2019-12-05T10:21:48","modified_gmt":"2019-12-05T09:21:48","slug":"startseite","status":"publish","type":"page","link":"https:\/\/www.kastens-luisenhof.de\/ar","title":{"rendered":"\u0627\u0644\u0633\u0648\u0642"},"content":{"rendered":"<h1>Das einzige\u00a0F\u00fcnf Sterne Superior Hotel im Herzen Hannovers<\/h1>\n<p>Willkommen im 5-Sterne Superior Hotel mit Charakter, Stil, Charme und modernstem Komfort. Der zentrale Bahnhof und die elegante Luisenstra\u00dfe sind nur einen Steinwurf vom Hotel entfernt. Und die Hannover Messe sowie den Airport erreichen Sie in Windeseile mit der Schnellbahn. \u00dcbrigens, kostenfreies W-LAN f\u00fcr alle unsere G\u00e4ste ist bei uns selbstverst\u00e4ndlich.<\/p>\n","protected":false},"excerpt":{"rendered":"<p>Das einzige\u00a0F\u00fcnf Sterne Superior Hotel im Herzen Hannovers Willkommen im 5-Sterne Superior Hotel mit Charakter, Stil, Charme und modernstem Komfort. Der zentrale Bahnhof und die elegante Luisenstra\u00dfe sind nur einen Steinwurf vom Hotel entfernt. Und die Hannover Messe sowie den Airport erreichen Sie in Windeseile mit der Schnellbahn. \u00dcbrigens, kostenfreies W-LAN f\u00fcr alle unsere G\u00e4ste [&hellip;]<\/p>\n","protected":false},"author":10,"featured_media":0,"parent":0,"menu_order":3,"comment_status":"open","ping_status":"closed","template":"pages\/Home-Ar.php","meta":{"_acf_changed":false,"footnotes":""},"class_list":["post-18173","page","type-page","status-publish","hentry"],"acf":[],"yoast_head":"<!-- This site is optimized with the Yoast SEO plugin v25.5 - https:\/\/yoast.com\/wordpress\/plugins\/seo\/ -->\n<title>Einziges 5 Sterne Luxushotel in Hannover \u00bb Kastens Luisenhof<\/title>\n<meta name=\"description\" content=\"Das 5 Sterne Luxushotel Kastens Luisenhof hei\u00dft sie \u2665-lich in Hannover willkommen \u27a4 5 Sterne Komfort &amp; Service \u2713 zentral am Bahnhof \u2713 uvm.\" \/>\n<meta name=\"robots\" content=\"index, follow, max-snippet:-1, max-image-preview:large, max-video-preview:-1\" \/>\n<link rel=\"canonical\" href=\"https:\/\/www.kastens-luisenhof.de\/ar\" \/>\n<meta property=\"og:locale\" content=\"ar_AR\" \/>\n<meta property=\"og:type\" content=\"article\" \/>\n<meta property=\"og:title\" content=\"Einziges 5 Sterne Luxushotel in Hannover \u00bb Kastens Luisenhof\" \/>\n<meta property=\"og:description\" content=\"Das 5 Sterne Luxushotel Kastens Luisenhof hei\u00dft sie \u2665-lich in Hannover willkommen \u27a4 5 Sterne Komfort &amp; Service \u2713 zentral am Bahnhof \u2713 uvm.\" \/>\n<meta property=\"og:url\" content=\"https:\/\/www.kastens-luisenhof.de\/ar\" \/>\n<meta property=\"og:site_name\" content=\"Luisenhof\" \/>\n<meta property=\"article:modified_time\" content=\"2019-12-05T09:21:48+00:00\" \/>\n<meta name=\"twitter:card\" content=\"summary_large_image\" \/>\n<script type=\"application\/ld+json\" class=\"yoast-schema-graph\">{\"@context\":\"https:\/\/schema.org\",\"@graph\":[{\"@type\":\"WebPage\",\"@id\":\"https:\/\/www.kastens-luisenhof.de\/ar\",\"url\":\"https:\/\/www.kastens-luisenhof.de\/ar\",\"name\":\"Einziges 5 Sterne Luxushotel in Hannover \u00bb Kastens Luisenhof\",\"isPartOf\":{\"@id\":\"https:\/\/www.kastens-luisenhof.de\/#website\"},\"datePublished\":\"2015-07-20T11:44:35+00:00\",\"dateModified\":\"2019-12-05T09:21:48+00:00\",\"description\":\"Das 5 Sterne Luxushotel Kastens Luisenhof hei\u00dft sie \u2665-lich in Hannover willkommen \u27a4 5 Sterne Komfort & Service \u2713 zentral am Bahnhof \u2713 uvm.\",\"breadcrumb\":{\"@id\":\"https:\/\/www.kastens-luisenhof.de\/ar#breadcrumb\"},\"inLanguage\":\"ar\",\"potentialAction\":[{\"@type\":\"ReadAction\",\"target\":[\"https:\/\/www.kastens-luisenhof.de\/ar\"]}]},{\"@type\":\"BreadcrumbList\",\"@id\":\"https:\/\/www.kastens-luisenhof.de\/ar#breadcrumb\",\"itemListElement\":[{\"@type\":\"ListItem\",\"position\":1,\"name\":\"Startseite\",\"item\":\"https:\/\/www.kastens-luisenhof.de\/ar\"},{\"@type\":\"ListItem\",\"position\":2,\"name\":\"\u0627\u0644\u0633\u0648\u0642\"}]},{\"@type\":\"WebSite\",\"@id\":\"https:\/\/www.kastens-luisenhof.de\/#website\",\"url\":\"https:\/\/www.kastens-luisenhof.de\/\",\"name\":\"Luisenhof\",\"description\":\"Eine weitere WordPress-Seite\",\"potentialAction\":[{\"@type\":\"SearchAction\",\"target\":{\"@type\":\"EntryPoint\",\"urlTemplate\":\"https:\/\/www.kastens-luisenhof.de\/?s={search_term_string}\"},\"query-input\":{\"@type\":\"PropertyValueSpecification\",\"valueRequired\":true,\"valueName\":\"search_term_string\"}}],\"inLanguage\":\"ar\"}]}<\/script>\n<!-- \/ Yoast SEO plugin. -->","yoast_head_json":{"title":"Einziges 5 Sterne Luxushotel in Hannover \u00bb Kastens Luisenhof","description":"Das 5 Sterne Luxushotel Kastens Luisenhof hei\u00dft sie \u2665-lich in Hannover willkommen \u27a4 5 Sterne Komfort & Service \u2713 zentral am Bahnhof \u2713 uvm.","robots":{"index":"index","follow":"follow","max-snippet":"max-snippet:-1","max-image-preview":"max-image-preview:large","max-video-preview":"max-video-preview:-1"},"canonical":"https:\/\/www.kastens-luisenhof.de\/ar","og_locale":"ar_AR","og_type":"article","og_title":"Einziges 5 Sterne Luxushotel in Hannover \u00bb Kastens Luisenhof","og_description":"Das 5 Sterne Luxushotel Kastens Luisenhof hei\u00dft sie \u2665-lich in Hannover willkommen \u27a4 5 Sterne Komfort & Service \u2713 zentral am Bahnhof \u2713 uvm.","og_url":"https:\/\/www.kastens-luisenhof.de\/ar","og_site_name":"Luisenhof","article_modified_time":"2019-12-05T09:21:48+00:00","twitter_card":"summary_large_image","schema":{"@context":"https:\/\/schema.org","@graph":[{"@type":"WebPage","@id":"https:\/\/www.kastens-luisenhof.de\/ar","url":"https:\/\/www.kastens-luisenhof.de\/ar","name":"Einziges 5 Sterne Luxushotel in Hannover \u00bb Kastens Luisenhof","isPartOf":{"@id":"https:\/\/www.kastens-luisenhof.de\/#website"},"datePublished":"2015-07-20T11:44:35+00:00","dateModified":"2019-12-05T09:21:48+00:00","description":"Das 5 Sterne Luxushotel Kastens Luisenhof hei\u00dft sie \u2665-lich in Hannover willkommen \u27a4 5 Sterne Komfort & Service \u2713 zentral am Bahnhof \u2713 uvm.","breadcrumb":{"@id":"https:\/\/www.kastens-luisenhof.de\/ar#breadcrumb"},"inLanguage":"ar","potentialAction":[{"@type":"ReadAction","target":["https:\/\/www.kastens-luisenhof.de\/ar"]}]},{"@type":"BreadcrumbList","@id":"https:\/\/www.kastens-luisenhof.de\/ar#breadcrumb","itemListElement":[{"@type":"ListItem","position":1,"name":"Startseite","item":"https:\/\/www.kastens-luisenhof.de\/ar"},{"@type":"ListItem","position":2,"name":"\u0627\u0644\u0633\u0648\u0642"}]},{"@type":"WebSite","@id":"https:\/\/www.kastens-luisenhof.de\/#website","url":"https:\/\/www.kastens-luisenhof.de\/","name":"Luisenhof","description":"Eine weitere WordPress-Seite","potentialAction":[{"@type":"SearchAction","target":{"@type":"EntryPoint","urlTemplate":"https:\/\/www.kastens-luisenhof.de\/?s={search_term_string}"},"query-input":{"@type":"PropertyValueSpecification","valueRequired":true,"valueName":"search_term_string"}}],"inLanguage":"ar"}]}},"_links":{"self":[{"href":"https:\/\/www.kastens-luisenhof.de\/ar\/wp-json\/wp\/v2\/pages\/18173"}],"collection":[{"href":"https:\/\/www.kastens-luisenhof.de\/ar\/wp-json\/wp\/v2\/pages"}],"about":[{"href":"https:\/\/www.kastens-luisenhof.de\/ar\/wp-json\/wp\/v2\/types\/page"}],"author":[{"embeddable":true,"href":"https:\/\/www.kastens-luisenhof.de\/ar\/wp-json\/wp\/v2\/users\/10"}],"replies":[{"embeddable":true,"href":"https:\/\/www.kastens-luisenhof.de\/ar\/wp-json\/wp\/v2\/comments?post=18173"}],"version-history":[{"count":1,"href":"https:\/\/www.kastens-luisenhof.de\/ar\/wp-json\/wp\/v2\/pages\/18173\/revisions"}],"predecessor-version":[{"id":18174,"href":"https:\/\/www.kastens-luisenhof.de\/ar\/wp-json\/wp\/v2\/pages\/18173\/revisions\/18174"}],"wp:attachment":[{"href":"https:\/\/www.kastens-luisenhof.de\/ar\/wp-json\/wp\/v2\/media?parent=18173"}],"curies":[{"name":"wp","href":"https:\/\/api.w.org\/{rel}","templated":true}]}}